{"id":32,"date":"2021-04-07T16:52:07","date_gmt":"2021-04-07T14:52:07","guid":{"rendered":"http:\/\/gretsi.fr\/ressources-pedagogiques\/?page_id=32"},"modified":"2022-03-16T17:00:16","modified_gmt":"2022-03-16T16:00:16","slug":"recherche-avancee","status":"publish","type":"page","link":"https:\/\/gretsi.fr\/ressources-pedagogiques\/recherche-avancee\/","title":{"rendered":"Recherche avanc\u00e9e"},"content":{"rendered":"\r\n<p>Il est possible de sp\u00e9cifier le th\u00e8me, le niveau d&rsquo;\u00e9tudes, et le type de ressource p\u00e9dagogique recherch\u00e9e. Ne cochez pas les cases si vous souhaitez faire une recherche sans restriction.<\/p>\r\n<p>Ce site est \u00e0 destination des enseignants en traitement du signal et des images, il ne constitue pas un recueil d&rsquo;exercices et nous ne sommes pas tenu de r\u00e9pondre aux demandes d&rsquo;aide ou de correction des exercices.<\/p>\r\n\r\n\t\t\t\t<form action=\"\" method=\"post\" class=\"searchandfilter\">\r\n\t\t\t\t\t<div>\r\n\t\t\t\t\t\t<ul><li><input type=\"text\" name=\"ofsearch\" placeholder=\"Rechercher...\" value=\"\"><\/li><li><h4>Filtrer par th\u00e8me<\/h4><ul>\t<li class=\"cat-item cat-item-10\"><label><input type='checkbox' name='oftheme2[]' value='10' \/> Architecture mat\u00e9rielle et logicielle<\/label>\n<ul class='children'>\n\t<li class=\"cat-item cat-item-11\"><label><input type='checkbox' name='oftheme2[]' value='11' \/> Language de programmation<\/label>\n<\/li>\n<\/ul>\n<\/li>\n\t<li class=\"cat-item cat-item-13\"><label><input type='checkbox' name='oftheme2[]' value='13' \/> Autre<\/label>\n<\/li>\n\t<li class=\"cat-item cat-item-14\"><label><input type='checkbox' name='oftheme2[]' value='14' \/> Communication et codage<\/label>\n<ul class='children'>\n\t<li class=\"cat-item cat-item-15\"><label><input type='checkbox' name='oftheme2[]' value='15' \/> Codage canal, turbo-traitements<\/label>\n<\/li>\n\t<li class=\"cat-item cat-item-16\"><label><input type='checkbox' name='oftheme2[]' value='16' \/> Codage source et compression<\/label>\n<\/li>\n\t<li class=\"cat-item cat-item-20\"><label><input type='checkbox' name='oftheme2[]' value='20' \/> Th\u00e9orie de l&#039;information<\/label>\n<\/li>\n<\/ul>\n<\/li>\n\t<li class=\"cat-item cat-item-21\"><label><input type='checkbox' name='oftheme2[]' value='21' \/> D\u00e9cision et interpr\u00e9tation<\/label>\n<ul class='children'>\n\t<li class=\"cat-item cat-item-24\"><label><input type='checkbox' name='oftheme2[]' value='24' \/> D\u00e9tection et estimation statistiques<\/label>\n<\/li>\n<\/ul>\n<\/li>\n\t<li class=\"cat-item cat-item-27\"><label><input type='checkbox' name='oftheme2[]' value='27' \/> Fondamentaux<\/label>\n<ul class='children'>\n\t<li class=\"cat-item cat-item-28\"><label><input type='checkbox' name='oftheme2[]' value='28' \/> Analyse de Fourier<\/label>\n<\/li>\n\t<li class=\"cat-item cat-item-29\"><label><input type='checkbox' name='oftheme2[]' value='29' \/> Convolution<\/label>\n<\/li>\n\t<li class=\"cat-item cat-item-30\"><label><input type='checkbox' name='oftheme2[]' value='30' \/> Filtrage<\/label>\n<\/li>\n\t<li class=\"cat-item cat-item-59\"><label><input type='checkbox' name='oftheme2[]' value='59' \/> Statistiques et probabilit\u00e9s<\/label>\n<\/li>\n\t<li class=\"cat-item cat-item-31\"><label><input type='checkbox' name='oftheme2[]' value='31' \/> Traitement statistique du signal<\/label>\n<\/li>\n<\/ul>\n<\/li>\n\t<li class=\"cat-item cat-item-57\"><label><input type='checkbox' name='oftheme2[]' value='57' \/> Morphologie math\u00e9matique<\/label>\n<\/li>\n\t<li class=\"cat-item cat-item-33\"><label><input type='checkbox' name='oftheme2[]' value='33' \/> Repr\u00e9sentations et mod\u00e8les<\/label>\n<ul class='children'>\n\t<li class=\"cat-item cat-item-35\"><label><input type='checkbox' name='oftheme2[]' value='35' \/> Graphes<\/label>\n<\/li>\n<\/ul>\n<\/li>\n\t<li class=\"cat-item cat-item-36\"><label><input type='checkbox' name='oftheme2[]' value='36' \/> Traitement et analyse<\/label>\n<ul class='children'>\n\t<li class=\"cat-item cat-item-37\"><label><input type='checkbox' name='oftheme2[]' value='37' \/> Analyse de vid\u00e9os<\/label>\n<\/li>\n\t<li class=\"cat-item cat-item-38\"><label><input type='checkbox' name='oftheme2[]' value='38' \/> Analyse spectrale, temps-fr\u00e9quence<\/label>\n<\/li>\n\t<li class=\"cat-item cat-item-39\"><label><input type='checkbox' name='oftheme2[]' value='39' \/> Inf\u00e9rence statistique, \u00e9chantillonnage stochastique<\/label>\n<\/li>\n\t<li class=\"cat-item cat-item-42\"><label><input type='checkbox' name='oftheme2[]' value='42' \/> Probl\u00e8mes inverses<\/label>\n<\/li>\n<\/ul>\n<\/li>\n<\/ul><input type=\"hidden\" name=\"oftheme2_operator\" value=\"and\" \/><\/li><li><h4>Filtrer par niveau<\/h4><ul>\t<li class=\"cat-item cat-item-7\"><label><input type='checkbox' name='ofniveau[]' value='7' \/> Doctorat<\/label>\n<\/li>\n\t<li class=\"cat-item cat-item-2\"><label><input type='checkbox' name='ofniveau[]' value='2' \/> Licence 1<\/label>\n<\/li>\n\t<li class=\"cat-item cat-item-3\"><label><input type='checkbox' name='ofniveau[]' value='3' \/> Licence 2<\/label>\n<\/li>\n\t<li class=\"cat-item cat-item-4\"><label><input type='checkbox' name='ofniveau[]' value='4' \/> Licence 3<\/label>\n<\/li>\n\t<li class=\"cat-item cat-item-8\"><label><input type='checkbox' name='ofniveau[]' value='8' \/> Lyc\u00e9e<\/label>\n<\/li>\n\t<li class=\"cat-item cat-item-5\"><label><input type='checkbox' name='ofniveau[]' value='5' \/> Master 1<\/label>\n<\/li>\n\t<li class=\"cat-item cat-item-6\"><label><input type='checkbox' name='ofniveau[]' value='6' \/> Master 2<\/label>\n<\/li>\n\t<li class=\"cat-item cat-item-9\"><label><input type='checkbox' name='ofniveau[]' value='9' \/> Vulgarisation<\/label>\n<\/li>\n<\/ul><input type=\"hidden\" name=\"ofniveau_operator\" value=\"and\" \/><\/li><li><h4>Filtrer par type<\/h4><ul>\t<li class=\"cat-item cat-item-47\"><label><input type='checkbox' name='oftype2[]' value='47' \/> Animation<\/label>\n<\/li>\n\t<li class=\"cat-item cat-item-48\"><label><input type='checkbox' name='oftype2[]' value='48' \/> Code<\/label>\n<\/li>\n\t<li class=\"cat-item cat-item-50\"><label><input type='checkbox' name='oftype2[]' value='50' \/> \u00c9nonc\u00e9 de TD<\/label>\n<\/li>\n\t<li class=\"cat-item cat-item-51\"><label><input type='checkbox' name='oftype2[]' value='51' \/> \u00c9nonc\u00e9 de TP<\/label>\n<\/li>\n\t<li class=\"cat-item cat-item-52\"><label><input type='checkbox' name='oftype2[]' value='52' \/> Examen<\/label>\n<\/li>\n\t<li class=\"cat-item cat-item-58\"><label><input type='checkbox' name='oftype2[]' value='58' \/> Illustration<\/label>\n<\/li>\n\t<li class=\"cat-item cat-item-53\"><label><input type='checkbox' name='oftype2[]' value='53' \/> Supports de cours<\/label>\n<\/li>\n\t<li class=\"cat-item cat-item-55\"><label><input type='checkbox' name='oftype2[]' value='55' \/> Web<\/label>\n<\/li>\n<\/ul><input type=\"hidden\" name=\"oftype2_operator\" value=\"and\" \/><\/li><li><input type=\"hidden\" name=\"ofsubmitted\" value=\"1\">\r\n\t\t\t\t\t\t\t<input type=\"submit\" value=\"Rechercher\">\r\n\t\t\t\t\t\t<\/li><\/ul><\/div>\r\n\t\t\t\t<\/form>\r\n\r\n<p>&nbsp;<\/p>\r\n","protected":false},"excerpt":{"rendered":"<p>Il est possible de sp\u00e9cifier le th\u00e8me, le niveau d&rsquo;\u00e9tudes, et le type de ressource p\u00e9dagogique recherch\u00e9e. Ne cochez pas les cases si vous souhaitez faire une recherche sans restriction. Ce site est \u00e0 destination des enseignants en traitement du signal et des images, il ne constitue pas un recueil d&rsquo;exercices et nous ne sommes&hellip;&nbsp;<a href=\"https:\/\/gretsi.fr\/ressources-pedagogiques\/recherche-avancee\/\" class=\"\" rel=\"bookmark\">Lire la suite &raquo;<span class=\"screen-reader-text\">Recherche avanc\u00e9e<\/span><\/a><\/p>\n","protected":false},"author":3,"featured_media":0,"parent":0,"menu_order":0,"comment_status":"closed","ping_status":"closed","template":"","meta":{"neve_meta_sidebar":"full-width","neve_meta_container":"","neve_meta_enable_content_width":"on","neve_meta_content_width":100,"neve_meta_title_alignment":"","neve_meta_author_avatar":"","neve_post_elements_order":"","neve_meta_disable_header":"","neve_meta_disable_footer":"","neve_meta_disable_title":""},"niveau":[],"theme2":[],"type2":[],"acf":[],"_links":{"self":[{"href":"https:\/\/gretsi.fr\/ressources-pedagogiques\/wp-json\/wp\/v2\/pages\/32"}],"collection":[{"href":"https:\/\/gretsi.fr\/ressources-pedagogiques\/wp-json\/wp\/v2\/pages"}],"about":[{"href":"https:\/\/gretsi.fr\/ressources-pedagogiques\/wp-json\/wp\/v2\/types\/page"}],"author":[{"embeddable":true,"href":"https:\/\/gretsi.fr\/ressources-pedagogiques\/wp-json\/wp\/v2\/users\/3"}],"replies":[{"embeddable":true,"href":"https:\/\/gretsi.fr\/ressources-pedagogiques\/wp-json\/wp\/v2\/comments?post=32"}],"version-history":[{"count":6,"href":"https:\/\/gretsi.fr\/ressources-pedagogiques\/wp-json\/wp\/v2\/pages\/32\/revisions"}],"predecessor-version":[{"id":210,"href":"https:\/\/gretsi.fr\/ressources-pedagogiques\/wp-json\/wp\/v2\/pages\/32\/revisions\/210"}],"wp:attachment":[{"href":"https:\/\/gretsi.fr\/ressources-pedagogiques\/wp-json\/wp\/v2\/media?parent=32"}],"wp:term":[{"taxonomy":"niveau","embeddable":true,"href":"https:\/\/gretsi.fr\/ressources-pedagogiques\/wp-json\/wp\/v2\/niveau?post=32"},{"taxonomy":"theme2","embeddable":true,"href":"https:\/\/gretsi.fr\/ressources-pedagogiques\/wp-json\/wp\/v2\/theme2?post=32"},{"taxonomy":"type2","embeddable":true,"href":"https:\/\/gretsi.fr\/ressources-pedagogiques\/wp-json\/wp\/v2\/type2?post=32"}],"curies":[{"name":"wp","href":"https:\/\/api.w.org\/{rel}","templated":true}]}}